{"id":860,"date":"2024-11-16T14:31:21","date_gmt":"2024-11-16T14:31:21","guid":{"rendered":"https:\/\/turing.aticomunicazione.it\/imagensys\/?page_id=860"},"modified":"2025-04-22T09:17:03","modified_gmt":"2025-04-22T09:17:03","slug":"about-2","status":"publish","type":"page","link":"https:\/\/imagensys.com\/index.php\/about-2\/","title":{"rendered":"About"},"content":{"rendered":"\t\t<div data-elementor-type=\"wp-post\" data-elementor-id=\"860\" class=\"elementor elementor-860\" data-elementor-post-type=\"page\">\n\t\t\t\t\t\t<section class=\"elementor-section elementor-top-section elementor-element elementor-element-5ac0ade elementor-section-full_width elementor-section-content-bottom elementor-section-height-default elementor-section-height-default\" data-id=\"5ac0ade\" data-element_type=\"section\" data-settings=\"{&quot;background_background&quot;:&quot;classic&quot;}\">\n\t\t\t\t\t\t\t<div class=\"elementor-background-overlay\"><\/div>\n\t\t\t\t\t\t\t<div class=\"elementor-container elementor-column-gap-default\">\n\t\t\t\t\t<div class=\"elementor-column elementor-col-100 elementor-top-column elementor-element elementor-element-dd8e785\" data-id=\"dd8e785\" data-element_type=\"column\" data-settings=\"{&quot;background_background&quot;:&quot;classic&quot;}\">\n\t\t\t<div class=\"elementor-widget-wrap elementor-element-populated\">\n\t\t\t\t\t\t<div class=\"elementor-element elementor-element-8338893 elementor-widget elementor-widget-heading\" data-id=\"8338893\" data-element_type=\"widget\" data-widget_type=\"heading.default\">\n\t\t\t\t<div class=\"elementor-widget-container\">\n\t\t\t<h1 class=\"elementor-heading-title elementor-size-default\">ABOUT IMAGENSYS\n<\/h1>\t\t<\/div>\n\t\t\t\t<\/div>\n\t\t\t\t<section class=\"elementor-section elementor-inner-section elementor-element elementor-element-c434e48 elementor-section-boxed elementor-section-height-default elementor-section-height-default\" data-id=\"c434e48\" data-element_type=\"section\">\n\t\t\t\t\t\t<div class=\"elementor-container elementor-column-gap-default\">\n\t\t\t\t\t<div class=\"elementor-column elementor-col-100 elementor-inner-column elementor-element elementor-element-0e039e2\" data-id=\"0e039e2\" data-element_type=\"column\">\n\t\t\t<div class=\"elementor-widget-wrap elementor-element-populated\">\n\t\t\t\t\t\t<div class=\"elementor-element elementor-element-9beafca elementor-widget elementor-widget-heading\" data-id=\"9beafca\" data-element_type=\"widget\" data-widget_type=\"heading.default\">\n\t\t\t\t<div class=\"elementor-widget-container\">\n\t\t\t<h2 class=\"elementor-heading-title elementor-size-default\">Surgery and Diagnostics Evolution<\/h2>\t\t<\/div>\n\t\t\t\t<\/div>\n\t\t\t\t\t<\/div>\n\t\t<\/div>\n\t\t\t\t\t<\/div>\n\t\t<\/section>\n\t\t\t\t\t<\/div>\n\t\t<\/div>\n\t\t\t\t\t<\/div>\n\t\t<\/section>\n\t\t<div class=\"elementor-element elementor-element-58fc673 e-flex e-con-boxed e-con e-parent\" data-id=\"58fc673\" data-element_type=\"container\">\n\t\t\t\t\t<div class=\"e-con-inner\">\n\t\t<div class=\"elementor-element elementor-element-4d48384 e-con-full e-flex e-con e-child\" data-id=\"4d48384\" data-element_type=\"container\">\n\t\t\t\t<div class=\"elementor-element elementor-element-6342853 elementor-widget elementor-widget-heading\" data-id=\"6342853\" data-element_type=\"widget\" data-widget_type=\"heading.default\">\n\t\t\t\t<div class=\"elementor-widget-container\">\n\t\t\t<h2 class=\"elementor-heading-title elementor-size-default\">Imagensys, societ\u00e0 innovativa di ricerca e sviluppo nell'ambito della diagnostica, nasce con l\u2019obiettivo di sviluppare strumentazione di supporto per imaging medico innovativo per la medicina nucleare e la chirurgia radioguidata.<\/h2>\t\t<\/div>\n\t\t\t\t<\/div>\n\t\t\t\t<\/div>\n\t\t\t\t\t<\/div>\n\t\t\t\t<\/div>\n\t\t<div class=\"elementor-element elementor-element-154daa71 e-flex e-con-boxed e-con e-parent\" data-id=\"154daa71\" data-element_type=\"container\" data-settings=\"{&quot;background_background&quot;:&quot;classic&quot;}\">\n\t\t\t\t\t<div class=\"e-con-inner\">\n\t\t<div class=\"elementor-element elementor-element-b2be97d e-con-full e-flex e-con e-child\" data-id=\"b2be97d\" data-element_type=\"container\" data-settings=\"{&quot;background_background&quot;:&quot;classic&quot;}\">\n\t\t\t\t<div class=\"elementor-element elementor-element-3facc686 elementor-widget elementor-widget-heading\" data-id=\"3facc686\" data-element_type=\"widget\" data-widget_type=\"heading.default\">\n\t\t\t\t<div class=\"elementor-widget-container\">\n\t\t\t<h2 class=\"elementor-heading-title elementor-size-default\">Innovazione<\/h2>\t\t<\/div>\n\t\t\t\t<\/div>\n\t\t\t\t<div class=\"elementor-element elementor-element-3ee0cd57 elementor-widget elementor-widget-text-editor\" data-id=\"3ee0cd57\" data-element_type=\"widget\" data-widget_type=\"text-editor.default\">\n\t\t\t\t<div class=\"elementor-widget-container\">\n\t\t\t\t\t\t\t<p><span style=\"letter-spacing: 0px; text-align: var(--text-align);\">Tutti i prodotti <\/span><i style=\"letter-spacing: 0px; text-align: var(--text-align);\">Imagensys<\/i><span style=\"letter-spacing: 0px; text-align: var(--text-align);\"> introducono elementi di innovazione rispetto ai dispositivi gi\u00e0 presenti sul mercato, conservando la semplicit\u00e0 di utilizzo come caratteristica fondamentale senza stravolgere o cambiare le abitudini degli operatori. Semplice, efficace, soprattutto utile, uno strumento Imagensys si riconosce da questi dettagli e dalla sua capacit\u00e0 di aggiungere funzionalit\u00e0 dando un aiuto concreto agli utilizzatori.<\/span><\/p>\t\t\t\t\t\t<\/div>\n\t\t\t\t<\/div>\n\t\t\t\t<\/div>\n\t\t<div class=\"elementor-element elementor-element-7092cc32 e-con-full e-flex e-con e-child\" data-id=\"7092cc32\" data-element_type=\"container\" data-settings=\"{&quot;background_background&quot;:&quot;classic&quot;}\">\n\t\t\t\t<div class=\"elementor-element elementor-element-5595bbcc elementor-widget elementor-widget-image-box\" data-id=\"5595bbcc\" data-element_type=\"widget\" data-widget_type=\"image-box.default\">\n\t\t\t\t<div class=\"elementor-widget-container\">\n\t\t\t<div class=\"elementor-image-box-wrapper\"><div class=\"elementor-image-box-content\"><h4 class=\"elementor-image-box-title\">Le nostre MISSION e VISION<\/h4><p class=\"elementor-image-box-description\">La nostra Mission \u00e8 aiutare la medicina a rispondere con la massima efficacia possibile alle sfide a cui \u00e8 chiamata, fornendo strumenti sempre pi\u00f9 evoluti ed in linea con le nuove tendenze scientifiche, e migliorare le performances degli strumenti per trarre vantaggi futuri delle applicazioni dell\u2019Intelligenza artificiale (IA). Una maggior  qualit\u00e0 nelle informazioni, pi\u00f9 dettagli nell\u2019esecuzione degli interventi chirurgici, maggiore precisione nell\u2019individuazione di  piccole lesioni, rappresentano oggi punti di allineamento concreto per future applicazioni. <br>\n\nLa nostra Vision \u00e8 legata alla ricerca di soluzioni di alto livello scientifico, puntando ad una Medicina fatta di miglioramenti continui nell\u2019uso di strumenti integrati, esigenza fondamentale che oggi viene richiesta dagli operatori del settore.  \n\n<\/p><\/div><\/div>\t\t<\/div>\n\t\t\t\t<\/div>\n\t\t\t\t<\/div>\n\t\t\t\t\t<\/div>\n\t\t\t\t<\/div>\n\t\t<div class=\"elementor-element elementor-element-c1e49ce e-flex e-con-boxed e-con e-parent\" data-id=\"c1e49ce\" data-element_type=\"container\">\n\t\t\t\t\t<div class=\"e-con-inner\">\n\t\t<div class=\"elementor-element elementor-element-80f9f18 e-con-full e-flex e-con e-child\" data-id=\"80f9f18\" data-element_type=\"container\">\n\t\t\t\t<div class=\"elementor-element elementor-element-c09c0e1 elementor-widget elementor-widget-heading\" data-id=\"c09c0e1\" data-element_type=\"widget\" data-widget_type=\"heading.default\">\n\t\t\t\t<div class=\"elementor-widget-container\">\n\t\t\t<h1 class=\"elementor-heading-title elementor-size-default\">L'azienda <\/h1>\t\t<\/div>\n\t\t\t\t<\/div>\n\t\t\t\t<div class=\"elementor-element elementor-element-7552166 elementor-widget elementor-widget-text-editor\" data-id=\"7552166\" data-element_type=\"widget\" data-widget_type=\"text-editor.default\">\n\t\t\t\t<div class=\"elementor-widget-container\">\n\t\t\t\t\t\t\t<p>Imagensys\u00a0 \u00e8 una Azienda giovane, nata per sviluppare tecnologie in grado di far evolvere settori tecnologicamente avanzati\u00a0 come l&#8217;imaging diagnostico, la Chirurgia e la Robotica radio-guidata.<\/p><p>Imagensys ha puntato in questi anni sulle sinergie con il mondo della ricerca, selezionando idee progettuali basate su una consolidata\u00a0 esperienza nella messa a punto di apparecchiature per imaging scintigrafico. I\u00a0 nostri prodotti introducono un uso semplificato della tecnologia nelle varie tecniche comprendendo prodotti come la Pocket Gamma Cam: un&#8217;esclusiva Gamma Camera utilizzabile sia in reparto di Medicina Nucleare per diagnosi che per un utilizzo\u00a0 intraoperatorio. La sua compattezza e facilit\u00e0 di utilizzo offrono la possibilit\u00e0 di poter fondere le immagini con sistemi\u00a0 ottici in sala operatoria per la localizzazione delle lesioni. La versatilit\u00e0 dello strumento consente di essere utilizzato facilmente in Medicina Nucleare per indagini su piccoli organi o per integrare tecniche radiografiche.<\/p><p>Imagensys ha sviluppato un nuovo prodotto, Directional gamma probe, una rivoluzionaria sonda gamma, che introduce una vera innovazione rispetto alle sonde standard usate in\u00a0 chirurgia radioguidata.<\/p><p>Imagensys si propone di sviluppare e portare con successo sul mercato prodotti altamente innovativi in grado di agevolare gli utilizzatori nella loro pratica quotidiana e generare effetti benefici a vantaggio dei pazienti.<\/p><p>La nuova sfida che abbiamo intrapreso \u00e8 dare nuove soluzioni tecnologiche in grado di fornire dettagli diagnostici sempre pi\u00f9 accurati, arrivare ad individuare con precisione i margini delle lesioni, introdurre nuovi standard nella Chirurgia Robotica e puntare su strumenti combinati in grado di rivoluzionare le attuali tecniche interventistiche.<\/p>\t\t\t\t\t\t<\/div>\n\t\t\t\t<\/div>\n\t\t\t\t<\/div>\n\t\t\t\t\t<\/div>\n\t\t\t\t<\/div>\n\t\t<div class=\"elementor-element elementor-element-3f17cc9c e-flex e-con-boxed e-con e-parent\" data-id=\"3f17cc9c\" data-element_type=\"container\" data-settings=\"{&quot;background_background&quot;:&quot;classic&quot;}\">\n\t\t\t\t\t<div class=\"e-con-inner\">\n\t\t<div class=\"elementor-element elementor-element-12117759 e-con-full e-flex elementor-invisible e-con e-child\" data-id=\"12117759\" data-element_type=\"container\" data-settings=\"{&quot;background_background&quot;:&quot;classic&quot;,&quot;animation&quot;:&quot;fadeInUp&quot;}\">\n\t\t\t\t<div class=\"elementor-element elementor-element-25981117 elementor-widget elementor-widget-heading\" data-id=\"25981117\" data-element_type=\"widget\" data-widget_type=\"heading.default\">\n\t\t\t\t<div class=\"elementor-widget-container\">\n\t\t\t<h1 class=\"elementor-heading-title elementor-size-default\">Una ricerca continua<\/h1>\t\t<\/div>\n\t\t\t\t<\/div>\n\t\t\t\t<div class=\"elementor-element elementor-element-346d2c90 elementor-widget elementor-widget-text-editor\" data-id=\"346d2c90\" data-element_type=\"widget\" data-widget_type=\"text-editor.default\">\n\t\t\t\t<div class=\"elementor-widget-container\">\n\t\t\t\t\t\t\t<p><i>Imagensys<\/i> sta continuando il suo percorso di innovazione puntando sullo sviluppo di una serie di prodotti in grado di rivoluzionare in particolar modo il settore della chirurgia e robotica radioguidata. Questa strategia mira sviluppare tecnologie sempre pi\u00f9 evolute e a portare sempre pi\u00f9 informazioni di dettaglio clinico che potranno essere utilizzate e rielaborate in futuro con gli strumenti dell\u2019IA.\u00a0 Tecnologie, abbinate all\u2019utilizzo di robot chirurgici, sempre pi\u00f9 precise e adeguate alle potenzialit\u00e0 delle moderne tecniche su cui si sta evolvendo il settore della chirurgia di precisione e mini-invasiva a tutto vantaggio degli utilizzatori.<\/p>\t\t\t\t\t\t<\/div>\n\t\t\t\t<\/div>\n\t\t\t\t<div class=\"elementor-element elementor-element-b8c3677 elementor-align-center elementor-mobile-align-center elementor-widget elementor-widget-button\" data-id=\"b8c3677\" data-element_type=\"widget\" data-widget_type=\"button.default\">\n\t\t\t\t<div class=\"elementor-widget-container\">\n\t\t\t\t\t\t\t<div class=\"elementor-button-wrapper\">\n\t\t\t\t\t<a class=\"elementor-button elementor-button-link elementor-size-sm elementor-animation-float\" href=\"https:\/\/imagensys.com\/#contact\">\n\t\t\t\t\t\t<span class=\"elementor-button-content-wrapper\">\n\t\t\t\t\t\t\t\t\t<span class=\"elementor-button-text\">CONTACT US<\/span>\n\t\t\t\t\t<\/span>\n\t\t\t\t\t<\/a>\n\t\t\t\t<\/div>\n\t\t\t\t\t\t<\/div>\n\t\t\t\t<\/div>\n\t\t\t\t<\/div>\n\t\t\t\t\t<\/div>\n\t\t\t\t<\/div>\n\t\t\t\t<\/div>\n\t\t","protected":false},"excerpt":{"rendered":"<p>ABOUT IMAGENSYS Surgery and Diagnostics Evolution Imagensys, societ\u00e0 innovativa di ricerca e sviluppo nell&#8217;ambito della diagnostica, nasce con l\u2019obiettivo di sviluppare strumentazione di supporto per imaging medico innovativo per la medicina nucleare e la chirurgia radioguidata. Innovazione Tutti i prodotti Imagensys introducono elementi di innovazione rispetto ai dispositivi gi\u00e0 presenti sul mercato, conservando la semplicit\u00e0 [&hellip;]<\/p>\n","protected":false},"author":1,"featured_media":0,"parent":0,"menu_order":0,"comment_status":"closed","ping_status":"closed","template":"","meta":{"footnotes":""},"class_list":["post-860","page","type-page","status-publish","hentry"],"_links":{"self":[{"href":"https:\/\/imagensys.com\/index.php\/wp-json\/wp\/v2\/pages\/860","targetHints":{"allow":["GET"]}}],"collection":[{"href":"https:\/\/imagensys.com\/index.php\/wp-json\/wp\/v2\/pages"}],"about":[{"href":"https:\/\/imagensys.com\/index.php\/wp-json\/wp\/v2\/types\/page"}],"author":[{"embeddable":true,"href":"https:\/\/imagensys.com\/index.php\/wp-json\/wp\/v2\/users\/1"}],"replies":[{"embeddable":true,"href":"https:\/\/imagensys.com\/index.php\/wp-json\/wp\/v2\/comments?post=860"}],"version-history":[{"count":70,"href":"https:\/\/imagensys.com\/index.php\/wp-json\/wp\/v2\/pages\/860\/revisions"}],"predecessor-version":[{"id":1413,"href":"https:\/\/imagensys.com\/index.php\/wp-json\/wp\/v2\/pages\/860\/revisions\/1413"}],"wp:attachment":[{"href":"https:\/\/imagensys.com\/index.php\/wp-json\/wp\/v2\/media?parent=860"}],"curies":[{"name":"wp","href":"https:\/\/api.w.org\/{rel}","templated":true}]}}